{"id":570,"date":"2019-06-08T01:21:05","date_gmt":"2019-06-08T01:21:05","guid":{"rendered":"https:\/\/stage.xpertyse.com\/?page_id=570"},"modified":"2019-07-05T01:51:53","modified_gmt":"2019-07-05T01:51:53","slug":"service-employeurs","status":"publish","type":"page","link":"https:\/\/stage.xpertyse.com\/fr\/service-employeurs\/","title":{"rendered":"Service employeurs"},"content":{"rendered":"<div class=\"wpb-content-wrapper\"><p>[vc_row css_animation=\u00a0\u00bb\u00a0\u00bb row_type=\u00a0\u00bbrow\u00a0\u00bb use_row_as_full_screen_section=\u00a0\u00bbno\u00a0\u00bb type=\u00a0\u00bbfull_width\u00a0\u00bb angled_section=\u00a0\u00bbno\u00a0\u00bb text_align=\u00a0\u00bbleft\u00a0\u00bb background_image_as_pattern=\u00a0\u00bbwithout_pattern\u00a0\u00bb z_index=\u00a0\u00bb\u00a0\u00bb][vc_column][rev_slider_vc alias=\u00a0\u00bbteam-fr\u00a0\u00bb][\/vc_column][\/vc_row][vc_row css_animation=\u00a0\u00bb\u00a0\u00bb row_type=\u00a0\u00bbrow\u00a0\u00bb use_row_as_full_screen_section=\u00a0\u00bbno\u00a0\u00bb type=\u00a0\u00bbfull_width\u00a0\u00bb angled_section=\u00a0\u00bbno\u00a0\u00bb text_align=\u00a0\u00bbleft\u00a0\u00bb background_image_as_pattern=\u00a0\u00bbwithout_pattern\u00a0\u00bb z_index=\u00a0\u00bb\u00a0\u00bb background_color=\u00a0\u00bb#282828&Prime; anchor=\u00a0\u00bbemployeurs\u00a0\u00bb el_id=\u00a0\u00bbemployeurs\u00a0\u00bb][vc_column][qode_elements_holder number_of_columns=\u00a0\u00bbone_column\u00a0\u00bb][qode_elements_holder_item vertical_alignment=\u00a0\u00bbtop\u00a0\u00bb advanced_animations=\u00a0\u00bbno\u00a0\u00bb item_padding_480=\u00a0\u00bb84px 30px 0px 30px\u00a0\u00bb item_padding=\u00a0\u00bb150px 150px 20px 152px\u00a0\u00bb][vc_column_text]<\/p>\n<h5><span style=\"color: #ffffff;\">Employeurs<\/span><\/h5>\n<p>[\/vc_column_text][\/qode_elements_holder_item][\/qode_elements_holder][\/vc_column][\/vc_row][vc_row css_animation=\u00a0\u00bb\u00a0\u00bb row_type=\u00a0\u00bbrow\u00a0\u00bb use_row_as_full_screen_section=\u00a0\u00bbno\u00a0\u00bb type=\u00a0\u00bbfull_width\u00a0\u00bb angled_section=\u00a0\u00bbno\u00a0\u00bb text_align=\u00a0\u00bbleft\u00a0\u00bb background_image_as_pattern=\u00a0\u00bbwithout_pattern\u00a0\u00bb z_index=\u00a0\u00bb\u00a0\u00bb background_color=\u00a0\u00bb#282828&Prime;][vc_column][qode_elements_holder number_of_columns=\u00a0\u00bbtwo_columns\u00a0\u00bb][qode_elements_holder_item vertical_alignment=\u00a0\u00bbtop\u00a0\u00bb advanced_animations=\u00a0\u00bbno\u00a0\u00bb item_padding_480=\u00a0\u00bb20px 30px 20px 30px\u00a0\u00bb item_padding=\u00a0\u00bb20px 150px 20px 152px\u00a0\u00bb][vc_column_text]<\/p>\n<h3><span style=\"color: #ffffff;\">Agence de recrutement sp\u00e9cialis\u00e9e et novatrice<\/span><\/h3>\n<p>&nbsp;<\/p>\n<p><span style=\"color: #ffffff;\">Agence de recrutement sp\u00e9cialis\u00e9e pour l\u2019industrie pharmaceutique, biotechnologique et m\u00e9dicale, XPERTYSE am\u00e8ne le recrutement de personnel \u00e0 un niveau sup\u00e9rieur. Les nouvelles technologies combin\u00e9es \u00e0 de nouveaux proc\u00e9d\u00e9s nous permettent d\u2019\u00eatre \u00e0 l\u2019avant-garde dans notre secteur d\u2019activit\u00e9 et de proposer des services performants et accessibles.<\/span>[\/vc_column_text][\/qode_elements_holder_item][qode_elements_holder_item vertical_alignment=\u00a0\u00bbtop\u00a0\u00bb advanced_animations=\u00a0\u00bbno\u00a0\u00bb item_padding=\u00a0\u00bb20px 150px 150px 152px\u00a0\u00bb item_padding_480=\u00a0\u00bb20px 30px 84px 30px\u00a0\u00bb][vc_column_text]<\/p>\n<h3><span style=\"color: #ffffff;\">Pourquoi nous\u2009?<\/span><\/h3>\n<p>&nbsp;<\/p>\n<p><span style=\"color: #ffffff;\">Pour plusieurs excellentes raisons comme l\u2019efficacit\u00e9 et la souplesse de notre \u00e9quipe. Nous profitons d\u2019une structure d\u2019entreprise souple qui nous permet d\u2019offrir un service r\u00e9ellement personnalis\u00e9. Le poste que vous d\u00e9sirez pourvoir n\u2019est pas qu\u2019une simple offre d\u2019emploi parmi tant d\u2019autres. Nous lui accordons une importance \u00e9lev\u00e9e et nous recherchons activement la personne id\u00e9ale qui saura r\u00e9pondre \u00e0 vos attentes et \u00e0 vos objectifs.<\/span><\/p>\n<p>&nbsp;<\/p>\n<p><span style=\"color: #ffffff;\">Nos chasseurs de t\u00eates utilisent des techniques novatrices pour trouver cette perle rare. En mode chasse, il n\u2019y a pas de temps \u00e0 perdre\u2009! Par des recherches cibl\u00e9es, nous limitons la perte de temps et d\u2019argent et nous arrivons \u00e0 des r\u00e9sultats positifs et concluants. <\/span><span style=\"color: #ffffff;\">Avec XPERTYSE, vous trouverez la bonne t\u00eate\u2009! Communiquez avec nous. <\/span>[\/vc_column_text][vc_empty_space][\/qode_elements_holder_item][\/qode_elements_holder][\/vc_column][\/vc_row][vc_row css_animation=\u00a0\u00bb\u00a0\u00bb row_type=\u00a0\u00bbrow\u00a0\u00bb use_row_as_full_screen_section=\u00a0\u00bbno\u00a0\u00bb type=\u00a0\u00bbfull_width\u00a0\u00bb angled_section=\u00a0\u00bbno\u00a0\u00bb text_align=\u00a0\u00bbleft\u00a0\u00bb background_image_as_pattern=\u00a0\u00bbwithout_pattern\u00a0\u00bb z_index=\u00a0\u00bb\u00a0\u00bb background_color=\u00a0\u00bb#dbdbdb\u00a0\u00bb el_id=\u00a0\u00bbemployes\u00a0\u00bb anchor=\u00a0\u00bbemployes\u00a0\u00bb][vc_column][qode_elements_holder number_of_columns=\u00a0\u00bbone_column\u00a0\u00bb][qode_elements_holder_item vertical_alignment=\u00a0\u00bbtop\u00a0\u00bb advanced_animations=\u00a0\u00bbno\u00a0\u00bb item_padding_480=\u00a0\u00bb84px 30px 0px 30px\u00a0\u00bb item_padding=\u00a0\u00bb150px 150px 20px 152px\u00a0\u00bb][vc_column_text]<\/p>\n<h5>Employ\u00e9s<\/h5>\n<p>[\/vc_column_text][\/qode_elements_holder_item][\/qode_elements_holder][\/vc_column][\/vc_row][vc_row css_animation=\u00a0\u00bb\u00a0\u00bb row_type=\u00a0\u00bbrow\u00a0\u00bb use_row_as_full_screen_section=\u00a0\u00bbno\u00a0\u00bb type=\u00a0\u00bbfull_width\u00a0\u00bb angled_section=\u00a0\u00bbno\u00a0\u00bb text_align=\u00a0\u00bbleft\u00a0\u00bb background_image_as_pattern=\u00a0\u00bbwithout_pattern\u00a0\u00bb z_index=\u00a0\u00bb\u00a0\u00bb background_color=\u00a0\u00bb#dbdbdb\u00a0\u00bb][vc_column][qode_elements_holder number_of_columns=\u00a0\u00bbtwo_columns\u00a0\u00bb][qode_elements_holder_item vertical_alignment=\u00a0\u00bbtop\u00a0\u00bb advanced_animations=\u00a0\u00bbno\u00a0\u00bb item_padding_480=\u00a0\u00bb20px 30px 20px 30px\u00a0\u00bb item_padding=\u00a0\u00bb20px 150px 20px 152px\u00a0\u00bb][vc_column_text]<\/p>\n<h3>Un emploi en pharmaceutique vous int\u00e9resse\u2009? Vous voil\u00e0 au bon endroit\u2009!<\/h3>\n<p>&nbsp;<\/p>\n<p>L\u2019univers pharmaceutique, biotechnologique et m\u00e9dical en entreprise priv\u00e9e c\u2019est notre branche. Nos recruteurs poss\u00e8dent plusieurs ann\u00e9es d\u2019exp\u00e9rience li\u00e9es \u00e0 des emplois dans ces secteurs d\u2019activit\u00e9. Nous connaissons leurs besoins en mati\u00e8re de recrutement et nous sommes en mesure de bien vous conseiller et de vous orienter vers l\u2019entreprise et le poste qui vous combleront.[\/vc_column_text][\/qode_elements_holder_item][qode_elements_holder_item vertical_alignment=\u00a0\u00bbtop\u00a0\u00bb advanced_animations=\u00a0\u00bbno\u00a0\u00bb item_padding=\u00a0\u00bb20px 150px 150px 152px\u00a0\u00bb item_padding_480=\u00a0\u00bb20px 30px 84px 30px\u00a0\u00bb][vc_column_text]<\/p>\n<h3>Pourquoi nous?<\/h3>\n<p>&nbsp;<\/p>\n<p>Parce que nous avons un sixi\u00e8me sens qui nous aide \u00e0 vous guider vers l\u2019emploi dont vous r\u00eavez. Notre accompagnement ne se limite pas \u00e0 trouver un poste qui correspond aux comp\u00e9tences inscrites sur votre curriculum vitae. Nous \u00e9coutons vos besoins, nous percevons vos valeurs et nous d\u00e9celons les sommets que vous voulez atteindre. Cette photo d\u2019ensemble est cruciale. Elle repr\u00e9sente le fondement de la bonne ressource au bon poste dans la bonne entreprise. Autrement dit, elle nous permet de trouver le poste qui sera parfait pour vous dans une entreprise pour laquelle vous serez heureux de travailler.<\/p>\n<p>&nbsp;<\/p>\n<p>XPERTYSE, l\u2019agence de recrutement qui se d\u00e9marque\u2009! Trouvez l\u2019entreprise et l\u2019emploi en pharmaceutique, biotechnologie et m\u00e9dical qui vous fera vibrer\u2009! Consultez les postes disponibles.[\/vc_column_text][vc_empty_space][\/qode_elements_holder_item][\/qode_elements_holder][\/vc_column][\/vc_row][vc_row css_animation=\u00a0\u00bb\u00a0\u00bb row_type=\u00a0\u00bbrow\u00a0\u00bb use_row_as_full_screen_section=\u00a0\u00bbno\u00a0\u00bb type=\u00a0\u00bbfull_width\u00a0\u00bb angled_section=\u00a0\u00bbno\u00a0\u00bb text_align=\u00a0\u00bbleft\u00a0\u00bb background_image_as_pattern=\u00a0\u00bbwithout_pattern\u00a0\u00bb][vc_column][vc_column_text]<\/p>\n<p>[\/vc_column_text][\/vc_column][\/vc_row][vc_row css_animation=\u00a0\u00bb\u00a0\u00bb row_type=\u00a0\u00bbrow\u00a0\u00bb use_row_as_full_screen_section=\u00a0\u00bbno\u00a0\u00bb type=\u00a0\u00bbgrid\u00a0\u00bb angled_section=\u00a0\u00bbno\u00a0\u00bb text_align=\u00a0\u00bbleft\u00a0\u00bb background_image_as_pattern=\u00a0\u00bbwithout_pattern\u00a0\u00bb z_index=\u00a0\u00bb\u00a0\u00bb padding_top=\u00a0\u00bb100&Prime; padding_bottom=\u00a0\u00bb100&Prime;][vc_column css_animation=\u00a0\u00bbnone\u00a0\u00bb width=\u00a0\u00bb1\/2&Prime;][vc_single_image image=\u00a0\u00bb827&Prime; img_size=\u00a0\u00bbmedium\u00a0\u00bb alignment=\u00a0\u00bbcenter\u00a0\u00bb style=\u00a0\u00bbvc_box_circle_2&Prime; qode_css_animation=\u00a0\u00bbelement_from_bottom\u00a0\u00bb][vc_empty_space][vc_column_text]<\/p>\n<h3 style=\"text-align: center;\">Marie-Isabelle Roy<\/h3>\n<p style=\"text-align: center;\">Pr\u00e9sidente<\/p>\n<p>[\/vc_column_text][vc_empty_space height=\u00a0\u00bb15px\u00a0\u00bb][vc_row_inner row_type=\u00a0\u00bbrow\u00a0\u00bb type=\u00a0\u00bbfull_width\u00a0\u00bb text_align=\u00a0\u00bbcenter\u00a0\u00bb css_animation=\u00a0\u00bb\u00a0\u00bb][vc_column_inner][vc_separator type=\u00a0\u00bbsmall\u00a0\u00bb position=\u00a0\u00bbcenter\u00a0\u00bb][social_icons type=\u00a0\u00bbnormal_social\u00a0\u00bb icon=\u00a0\u00bbfa-facebook\u00a0\u00bb use_custom_size=\u00a0\u00bbno\u00a0\u00bb size=\u00a0\u00bbfa-lg\u00a0\u00bb link=\u00a0\u00bbhttps:\/\/www.facebook.com\/Xpertyse-229837221098854\/\u00a0\u00bb target=\u00a0\u00bb_blank\u00a0\u00bb icon_color=\u00a0\u00bb#c4c4c4&Prime;][social_icons type=\u00a0\u00bbnormal_social\u00a0\u00bb icon=\u00a0\u00bbfa-linkedin\u00a0\u00bb use_custom_size=\u00a0\u00bbno\u00a0\u00bb size=\u00a0\u00bbfa-lg\u00a0\u00bb link=\u00a0\u00bbhttps:\/\/www.linkedin.com\/company\/xpertyse\/\u00a0\u00bb target=\u00a0\u00bb_blank\u00a0\u00bb icon_color=\u00a0\u00bb#c4c4c4&Prime;][\/vc_column_inner][\/vc_row_inner][vc_empty_space][\/vc_column][vc_column width=\u00a0\u00bb1\/2&Prime;][vc_empty_space height=\u00a0\u00bb23px\u00a0\u00bb][vc_single_image image=\u00a0\u00bb406&Prime; img_size=\u00a0\u00bbfull\u00a0\u00bb qode_css_animation=\u00a0\u00bb\u00a0\u00bb][vc_empty_space height=\u00a0\u00bb23px\u00a0\u00bb][vc_column_text]Fondatrice de XPERTYSE, Marie-Isabelle utilise ses nombreuses ann\u00e9es d\u2019exp\u00e9rience dans le monde pharmaceutique pour vous accompagner avec brio dans vos recherches d\u2019employ\u00e9s talentueux. Sa compr\u00e9hension de vos besoins en mati\u00e8re de ressources humaines va bien au-del\u00e0 des comp\u00e9tences recherch\u00e9es. Elle vous aide \u00e0 trouver de v\u00e9ritables perles qui seront heureuses de se joindre \u00e0 votre \u00e9quipe. Son but\u00a0: trouver le \u00ab\u2009match\u2009\u00bb parfait\u2009!<\/p>\n<p>&nbsp;<\/p>\n<p>Ce but est \u00e9galement pr\u00e9sent lorsqu\u2019un candidat fait appel \u00e0 ses services. \u00c9coute, empathie, compr\u00e9hension, analyse, toutes ces aptitudes lui permettent d\u2019assurer un accompagnement et une recherche \u00e0 la hauteur des attentes et des aspirations du candidat. Son r\u00f4le n\u2019est pas simplement de lui trouver un emploi, mais plut\u00f4t de lui trouver un emploi qui r\u00e9pond \u00e0 ses objectifs de carri\u00e8re dans une entreprise o\u00f9 il se sentira vraiment \u00e0 sa place.[\/vc_column_text][\/vc_column][\/vc_row]<\/p>\n<\/div>","protected":false},"excerpt":{"rendered":"<p>[vc_row css_animation=\u00a0\u00bb\u00a0\u00bb row_type=\u00a0\u00bbrow\u00a0\u00bb use_row_as_full_screen_section=\u00a0\u00bbno\u00a0\u00bb type=\u00a0\u00bbfull_width\u00a0\u00bb angled_section=\u00a0\u00bbno\u00a0\u00bb text_align=\u00a0\u00bbleft\u00a0\u00bb background_image_as_pattern=\u00a0\u00bbwithout_pattern\u00a0\u00bb z_index=\u00a0\u00bb\u00a0\u00bb][vc_column][rev_slider_vc alias=\u00a0\u00bbteam-fr\u00a0\u00bb][\/vc_column][\/vc_row][vc_row css_animation=\u00a0\u00bb\u00a0\u00bb row_type=\u00a0\u00bbrow\u00a0\u00bb use_row_as_full_screen_section=\u00a0\u00bbno\u00a0\u00bb type=\u00a0\u00bbfull_width\u00a0\u00bb angled_section=\u00a0\u00bbno\u00a0\u00bb text_align=\u00a0\u00bbleft\u00a0\u00bb background_image_as_pattern=\u00a0\u00bbwithout_pattern\u00a0\u00bb z_index=\u00a0\u00bb\u00a0\u00bb background_color=\u00a0\u00bb#282828&Prime; anchor=\u00a0\u00bbemployeurs\u00a0\u00bb el_id=\u00a0\u00bbemployeurs\u00a0\u00bb][vc_column][qode_elements_holder number_of_columns=\u00a0\u00bbone_column\u00a0\u00bb][qode_elements_holder_item vertical_alignment=\u00a0\u00bbtop\u00a0\u00bb advanced_animations=\u00a0\u00bbno\u00a0\u00bb item_padding_480=\u00a0\u00bb84px 30px 0px 30px\u00a0\u00bb item_padding=\u00a0\u00bb150px 150px 20px 152px\u00a0\u00bb][vc_column_text] Employeurs [\/vc_column_text][\/qode_elements_holder_item][\/qode_elements_holder][\/vc_column][\/vc_row][vc_row css_animation=\u00a0\u00bb\u00a0\u00bb row_type=\u00a0\u00bbrow\u00a0\u00bb use_row_as_full_screen_section=\u00a0\u00bbno\u00a0\u00bb type=\u00a0\u00bbfull_width\u00a0\u00bb angled_section=\u00a0\u00bbno\u00a0\u00bb text_align=\u00a0\u00bbleft\u00a0\u00bb background_image_as_pattern=\u00a0\u00bbwithout_pattern\u00a0\u00bb z_index=\u00a0\u00bb\u00a0\u00bb background_color=\u00a0\u00bb#282828&Prime;][vc_column][qode_elements_holder number_of_columns=\u00a0\u00bbtwo_columns\u00a0\u00bb][qode_elements_holder_item vertical_alignment=\u00a0\u00bbtop\u00a0\u00bb&#8230;<\/p>\n","protected":false},"author":1,"featured_media":0,"parent":0,"menu_order":0,"comment_status":"closed","ping_status":"closed","template":"full_width.php","meta":{"footnotes":""},"_links":{"self":[{"href":"https:\/\/stage.xpertyse.com\/fr\/wp-json\/wp\/v2\/pages\/570"}],"collection":[{"href":"https:\/\/stage.xpertyse.com\/fr\/wp-json\/wp\/v2\/pages"}],"about":[{"href":"https:\/\/stage.xpertyse.com\/fr\/wp-json\/wp\/v2\/types\/page"}],"author":[{"embeddable":true,"href":"https:\/\/stage.xpertyse.com\/fr\/wp-json\/wp\/v2\/users\/1"}],"replies":[{"embeddable":true,"href":"https:\/\/stage.xpertyse.com\/fr\/wp-json\/wp\/v2\/comments?post=570"}],"version-history":[{"count":16,"href":"https:\/\/stage.xpertyse.com\/fr\/wp-json\/wp\/v2\/pages\/570\/revisions"}],"predecessor-version":[{"id":841,"href":"https:\/\/stage.xpertyse.com\/fr\/wp-json\/wp\/v2\/pages\/570\/revisions\/841"}],"wp:attachment":[{"href":"https:\/\/stage.xpertyse.com\/fr\/wp-json\/wp\/v2\/media?parent=570"}],"curies":[{"name":"wp","href":"https:\/\/api.w.org\/{rel}","templated":true}]}}