{"id":565,"date":"2019-06-08T01:10:59","date_gmt":"2019-06-08T01:10:59","guid":{"rendered":"https:\/\/stage.xpertyse.com\/?page_id=565"},"modified":"2019-07-05T15:30:15","modified_gmt":"2019-07-05T15:30:15","slug":"accueil","status":"publish","type":"page","link":"https:\/\/stage.xpertyse.com\/fr\/","title":{"rendered":"Accueil"},"content":{"rendered":"<div class=\"wpb-content-wrapper\"><p>[vc_row css_animation=\u00a0\u00bb\u00a0\u00bb row_type=\u00a0\u00bbrow\u00a0\u00bb use_row_as_full_screen_section=\u00a0\u00bbno\u00a0\u00bb type=\u00a0\u00bbfull_width\u00a0\u00bb angled_section=\u00a0\u00bbno\u00a0\u00bb text_align=\u00a0\u00bbleft\u00a0\u00bb background_image_as_pattern=\u00a0\u00bbwithout_pattern\u00a0\u00bb][vc_column][rev_slider_vc alias=\u00a0\u00bbHome-FR\u00a0\u00bb][\/vc_column][\/vc_row][vc_row css_animation=\u00a0\u00bb\u00a0\u00bb row_type=\u00a0\u00bbrow\u00a0\u00bb use_row_as_full_screen_section=\u00a0\u00bbno\u00a0\u00bb type=\u00a0\u00bbgrid\u00a0\u00bb angled_section=\u00a0\u00bbno\u00a0\u00bb text_align=\u00a0\u00bbcenter\u00a0\u00bb background_image_as_pattern=\u00a0\u00bbwithout_pattern\u00a0\u00bb padding_top=\u00a0\u00bb55&Prime; padding_bottom=\u00a0\u00bb155&Prime; z_index=\u00a0\u00bb\u00a0\u00bb border_color=\u00a0\u00bb#efefef\u00a0\u00bb background_color=\u00a0\u00bb#f9f9f9&Prime;][vc_column][qode_elements_holder number_of_columns=\u00a0\u00bbthree_columns\u00a0\u00bb][qode_elements_holder_item vertical_alignment=\u00a0\u00bbtop\u00a0\u00bb horizontal_alignment=\u00a0\u00bbcenter\u00a0\u00bb advanced_animations=\u00a0\u00bbno\u00a0\u00bb item_padding=\u00a0\u00bb18% 15px 0 0px\u00a0\u00bb item_padding_600_768=\u00a0\u00bb0% 15px 70px 15px\u00a0\u00bb item_padding_480_600=\u00a0\u00bb0% 15px 50px 15px\u00a0\u00bb item_padding_480=\u00a0\u00bb0% 15px 50px 15px\u00a0\u00bb][vc_row_inner row_type=\u00a0\u00bbrow\u00a0\u00bb type=\u00a0\u00bbfull_width\u00a0\u00bb text_align=\u00a0\u00bbcenter\u00a0\u00bb row_negative_margin=\u00a0\u00bbdisable_negative_margin\u00a0\u00bb css_animation=\u00a0\u00bb\u00a0\u00bb css=\u00a0\u00bb.vc_custom_1528721715527{margin-right: 0px !important;margin-left: 0px !important;}\u00a0\u00bb][vc_column_inner el_class=\u00a0\u00bbqode-custom-inner-columns\u00a0\u00bb css=\u00a0\u00bb.vc_custom_1528723673365{background-color: #ffffff !important;}\u00a0\u00bb][vc_empty_space][vc_single_image image=\u00a0\u00bb393&Prime; img_size=\u00a0\u00bbfull\u00a0\u00bb alignment=\u00a0\u00bbcenter\u00a0\u00bb qode_css_animation=\u00a0\u00bb\u00a0\u00bb][vc_empty_space][vc_column_text]<\/p>\n<h3>Nous chassons bien plus que des t\u00eates\u2009!<\/h3>\n<p>[\/vc_column_text][vc_empty_space height=\u00a0\u00bb13px\u00a0\u00bb][vc_single_image image=\u00a0\u00bb33&Prime; img_size=\u00a0\u00bbfull\u00a0\u00bb alignment=\u00a0\u00bbcenter\u00a0\u00bb qode_css_animation=\u00a0\u00bb\u00a0\u00bb][vc_empty_space height=\u00a0\u00bb17px\u00a0\u00bb][vc_column_text css=\u00a0\u00bb.vc_custom_1559571513771{padding-right: 20px !important;padding-left: 20px !important;}\u00a0\u00bb]Avec XPERTYSE et ses chasseurs de t\u00eates chevronn\u00e9s, vous n\u2019obtenez pas le bon candidat ou la bonne candidate pour votre poste \u00e0 combler\u2026 Vous obtenez la ressource parfaite pour le poste et pour votre entreprise.[\/vc_column_text][vc_empty_space height=\u00a0\u00bb81px\u00a0\u00bb][\/vc_column_inner][\/vc_row_inner][\/qode_elements_holder_item][qode_elements_holder_item vertical_alignment=\u00a0\u00bbtop\u00a0\u00bb horizontal_alignment=\u00a0\u00bbcenter\u00a0\u00bb advanced_animations=\u00a0\u00bbno\u00a0\u00bb item_padding=\u00a0\u00bb0 15px 0 15px\u00a0\u00bb][vc_row_inner row_type=\u00a0\u00bbrow\u00a0\u00bb type=\u00a0\u00bbfull_width\u00a0\u00bb text_align=\u00a0\u00bbcenter\u00a0\u00bb row_negative_margin=\u00a0\u00bbdisable_negative_margin\u00a0\u00bb css_animation=\u00a0\u00bb\u00a0\u00bb css=\u00a0\u00bb.vc_custom_1528721715527{margin-right: 0px !important;margin-left: 0px !important;}\u00a0\u00bb][vc_column_inner el_class=\u00a0\u00bbqode-custom-inner-columns\u00a0\u00bb css=\u00a0\u00bb.vc_custom_1528723660094{background-color: #ffffff !important;}\u00a0\u00bb][vc_empty_space][vc_single_image image=\u00a0\u00bb390&Prime; img_size=\u00a0\u00bbfull\u00a0\u00bb alignment=\u00a0\u00bbcenter\u00a0\u00bb qode_css_animation=\u00a0\u00bb\u00a0\u00bb][vc_empty_space][vc_column_text]<\/p>\n<h3>Services employeurs<\/h3>\n<p>[\/vc_column_text][vc_empty_space height=\u00a0\u00bb13px\u00a0\u00bb][vc_single_image image=\u00a0\u00bb33&Prime; img_size=\u00a0\u00bbfull\u00a0\u00bb alignment=\u00a0\u00bbcenter\u00a0\u00bb qode_css_animation=\u00a0\u00bb\u00a0\u00bb][vc_empty_space height=\u00a0\u00bb17px\u00a0\u00bb][vc_column_text css=\u00a0\u00bb.vc_custom_1559575459073{padding-right: 20px !important;padding-left: 20px !important;}\u00a0\u00bb]Pharmacologie. Biotechnologie. M\u00e9dical. Des domaines dans lesquels nos chasseurs de t\u00eates excellent.[\/vc_column_text][vc_empty_space][qode_button_v2 type=\u00a0\u00bbsimple\u00a0\u00bb target=\u00a0\u00bb_self\u00a0\u00bb font_weight=\u00a0\u00bb700&Prime; text_transform=\u00a0\u00bbuppercase\u00a0\u00bb font_style=\u00a0\u00bbnormal\u00a0\u00bb text=\u00a0\u00bbSAVOIR PLUS\u00a0\u00bb color=\u00a0\u00bb#000000&Prime; hover_color=\u00a0\u00bb#0000ff\u00a0\u00bb font_family=\u00a0\u00bbLato\u00a0\u00bb font_size=\u00a0\u00bb12&Prime; letter_spacing=\u00a0\u00bb2.5&Prime; link=\u00a0\u00bb\/fr\/service-employeurs\/\u00a0\u00bb][vc_empty_space height=\u00a0\u00bb81px\u00a0\u00bb][\/vc_column_inner][\/vc_row_inner][\/qode_elements_holder_item][qode_elements_holder_item vertical_alignment=\u00a0\u00bbtop\u00a0\u00bb horizontal_alignment=\u00a0\u00bbcenter\u00a0\u00bb advanced_animations=\u00a0\u00bbno\u00a0\u00bb item_padding=\u00a0\u00bb60px 0 0 15px\u00a0\u00bb item_padding_600_768=\u00a0\u00bb70px 15px 70px 15px\u00a0\u00bb item_padding_480_600=\u00a0\u00bb0% 15px 50px 15px\u00a0\u00bb item_padding_480=\u00a0\u00bb50px 15px 50px 15px\u00a0\u00bb][vc_row_inner row_type=\u00a0\u00bbrow\u00a0\u00bb type=\u00a0\u00bbfull_width\u00a0\u00bb text_align=\u00a0\u00bbcenter\u00a0\u00bb row_negative_margin=\u00a0\u00bbdisable_negative_margin\u00a0\u00bb css_animation=\u00a0\u00bb\u00a0\u00bb css=\u00a0\u00bb.vc_custom_1559578351704{margin-right: 0px !important;margin-left: 0px !important;}\u00a0\u00bb][vc_column_inner el_class=\u00a0\u00bbqode-custom-inner-columns\u00a0\u00bb css=\u00a0\u00bb.vc_custom_1528723643741{background-color: #ffffff !important;}\u00a0\u00bb][vc_empty_space][vc_single_image image=\u00a0\u00bb391&Prime; img_size=\u00a0\u00bbfull\u00a0\u00bb alignment=\u00a0\u00bbcenter\u00a0\u00bb qode_css_animation=\u00a0\u00bb\u00a0\u00bb][vc_empty_space][vc_column_text]<\/p>\n<h3>Services employ\u00e9s<\/h3>\n<p>[\/vc_column_text][vc_empty_space height=\u00a0\u00bb13px\u00a0\u00bb][vc_single_image image=\u00a0\u00bb33&Prime; img_size=\u00a0\u00bbfull\u00a0\u00bb alignment=\u00a0\u00bbcenter\u00a0\u00bb qode_css_animation=\u00a0\u00bb\u00a0\u00bb][vc_empty_space height=\u00a0\u00bb17px\u00a0\u00bb][vc_column_text css=\u00a0\u00bb.vc_custom_1559575490590{padding-right: 20px !important;padding-left: 20px !important;}\u00a0\u00bb]Une \u00e9coute active alli\u00e9e \u00e0 des techniques \u00e0 la fine pointe pour une carri\u00e8re \u00e0 la hauteur de vos ambitions.[\/vc_column_text][vc_empty_space][qode_button_v2 type=\u00a0\u00bbsimple\u00a0\u00bb target=\u00a0\u00bb_self\u00a0\u00bb font_weight=\u00a0\u00bb700&Prime; text_transform=\u00a0\u00bbuppercase\u00a0\u00bb font_style=\u00a0\u00bbnormal\u00a0\u00bb text=\u00a0\u00bbSAVOIR PLUS\u00a0\u00bb color=\u00a0\u00bb#000000&Prime; hover_color=\u00a0\u00bb#0000ff\u00a0\u00bb font_family=\u00a0\u00bbLato\u00a0\u00bb font_size=\u00a0\u00bb12&Prime; letter_spacing=\u00a0\u00bb2.5&Prime; link=\u00a0\u00bb\/fr\/service-employes\/\u00a0\u00bb][vc_empty_space height=\u00a0\u00bb81px\u00a0\u00bb][\/vc_column_inner][\/vc_row_inner][\/qode_elements_holder_item][\/qode_elements_holder][\/vc_column][\/vc_row][vc_row css_animation=\u00a0\u00bb\u00a0\u00bb row_type=\u00a0\u00bbrow\u00a0\u00bb use_row_as_full_screen_section=\u00a0\u00bbno\u00a0\u00bb type=\u00a0\u00bbfull_width\u00a0\u00bb angled_section=\u00a0\u00bbno\u00a0\u00bb text_align=\u00a0\u00bbleft\u00a0\u00bb background_image_as_pattern=\u00a0\u00bbwithout_pattern\u00a0\u00bb z_index=\u00a0\u00bb\u00a0\u00bb anchor=\u00a0\u00bbservices\u00a0\u00bb][vc_column][rev_slider_vc alias=\u00a0\u00bbservices-fr\u00a0\u00bb][\/vc_column][\/vc_row][vc_row css_animation=\u00a0\u00bb\u00a0\u00bb row_type=\u00a0\u00bbrow\u00a0\u00bb use_row_as_full_screen_section=\u00a0\u00bbno\u00a0\u00bb type=\u00a0\u00bbfull_width\u00a0\u00bb angled_section=\u00a0\u00bbno\u00a0\u00bb text_align=\u00a0\u00bbleft\u00a0\u00bb background_image_as_pattern=\u00a0\u00bbwithout_pattern\u00a0\u00bb z_index=\u00a0\u00bb\u00a0\u00bb anchor=\u00a0\u00bbemployeur\u00a0\u00bb][vc_column][qode_elements_holder number_of_columns=\u00a0\u00bbtwo_columns\u00a0\u00bb][qode_elements_holder_item vertical_alignment=\u00a0\u00bbtop\u00a0\u00bb advanced_animations=\u00a0\u00bbno\u00a0\u00bb background_color=\u00a0\u00bb#0000ff\u00a0\u00bb item_padding=\u00a0\u00bb150px 150px 150px 152px\u00a0\u00bb item_padding_480=\u00a0\u00bb84px 30px 84px 30px\u00a0\u00bb][vc_column_text]<\/p>\n<h3><span style=\"color: #ffffff;\">Trouver la perle rare<\/span><\/h3>\n<p>&nbsp;<\/p>\n<p><span style=\"color: #ffffff;\">Ici, pas de perte de temps et d\u2019argent\u2009! Nous n\u2019attendons pas que le candidat parfait se pointe le bout du nez, nous partons \u00e0 sa recherche. La chasse de t\u00eate est ouverte\u2009! Et nous nous arr\u00eatons seulement lorsque nous sommes convaincus d\u2019avoir trouv\u00e9 la bonne t\u00eate pour le poste et pour l\u2019entreprise.<\/span>[\/vc_column_text][vc_empty_space][button size=\u00a0\u00bbmedium\u00a0\u00bb target=\u00a0\u00bb_self\u00a0\u00bb hover_type=\u00a0\u00bbdefault\u00a0\u00bb button_shadow=\u00a0\u00bbno\u00a0\u00bb text=\u00a0\u00bbEmployeurs\u00a0\u00bb color=\u00a0\u00bb#ffffff\u00a0\u00bb hover_color=\u00a0\u00bb#0000ff\u00a0\u00bb hover_background_color=\u00a0\u00bb#ffffff\u00a0\u00bb border_color=\u00a0\u00bb#ffffff\u00a0\u00bb hover_border_color=\u00a0\u00bb#ffffff\u00a0\u00bb link=\u00a0\u00bb\/fr\/service-employeurs\/\u00a0\u00bb][\/qode_elements_holder_item][qode_elements_holder_item vertical_alignment=\u00a0\u00bbtop\u00a0\u00bb advanced_animations=\u00a0\u00bbno\u00a0\u00bb background_color=\u00a0\u00bb#ff17ff\u00a0\u00bb item_padding=\u00a0\u00bb150px 150px 150px 152px\u00a0\u00bb item_padding_480=\u00a0\u00bb84px 30px 84px 30px\u00a0\u00bb][vc_column_text]<\/p>\n<h3><span style=\"color: #ffffff;\">R\u00e9pondre \u00e0 vos ambitions<\/span><\/h3>\n<p>&nbsp;<\/p>\n<p><span style=\"color: #ffffff;\">Le bonheur au travail, \u00e7a vous dit quoi\u2009? Vous l\u2019avez trouv\u00e9, c\u2019est parfait\u2009! Vous le cherchez ou vous n\u2019en avez aucune id\u00e9e, consultez-nous\u2009! Attentifs et efficaces, nous collaborons avec vous afin de trouver l\u2019emploi et l\u2019entreprise qui vous permettront d\u2019\u00eatre heureux dans vos fonctions et de d\u00e9velopper votre plein potentiel.<\/span>[\/vc_column_text][vc_empty_space][button size=\u00a0\u00bbmedium\u00a0\u00bb target=\u00a0\u00bb_self\u00a0\u00bb hover_type=\u00a0\u00bbdefault\u00a0\u00bb button_shadow=\u00a0\u00bbno\u00a0\u00bb text=\u00a0\u00bbEmploy\u00e9s\u00a0\u00bb color=\u00a0\u00bb#ffffff\u00a0\u00bb hover_color=\u00a0\u00bb#ff17ff\u00a0\u00bb hover_background_color=\u00a0\u00bb#ffffff\u00a0\u00bb border_color=\u00a0\u00bb#ffffff\u00a0\u00bb hover_border_color=\u00a0\u00bb#ffffff\u00a0\u00bb link=\u00a0\u00bb\/fr\/service-employes\/\u00a0\u00bb][\/qode_elements_holder_item][\/qode_elements_holder][\/vc_column][\/vc_row]<\/p>\n<\/div>","protected":false},"excerpt":{"rendered":"<p>[vc_row css_animation=\u00a0\u00bb\u00a0\u00bb row_type=\u00a0\u00bbrow\u00a0\u00bb use_row_as_full_screen_section=\u00a0\u00bbno\u00a0\u00bb type=\u00a0\u00bbfull_width\u00a0\u00bb angled_section=\u00a0\u00bbno\u00a0\u00bb text_align=\u00a0\u00bbleft\u00a0\u00bb background_image_as_pattern=\u00a0\u00bbwithout_pattern\u00a0\u00bb][vc_column][rev_slider_vc alias=\u00a0\u00bbHome-FR\u00a0\u00bb][\/vc_column][\/vc_row][vc_row css_animation=\u00a0\u00bb\u00a0\u00bb row_type=\u00a0\u00bbrow\u00a0\u00bb use_row_as_full_screen_section=\u00a0\u00bbno\u00a0\u00bb type=\u00a0\u00bbgrid\u00a0\u00bb angled_section=\u00a0\u00bbno\u00a0\u00bb text_align=\u00a0\u00bbcenter\u00a0\u00bb background_image_as_pattern=\u00a0\u00bbwithout_pattern\u00a0\u00bb padding_top=\u00a0\u00bb55&Prime; padding_bottom=\u00a0\u00bb155&Prime; z_index=\u00a0\u00bb\u00a0\u00bb border_color=\u00a0\u00bb#efefef\u00a0\u00bb background_color=\u00a0\u00bb#f9f9f9&Prime;][vc_column][qode_elements_holder number_of_columns=\u00a0\u00bbthree_columns\u00a0\u00bb][qode_elements_holder_item vertical_alignment=\u00a0\u00bbtop\u00a0\u00bb horizontal_alignment=\u00a0\u00bbcenter\u00a0\u00bb advanced_animations=\u00a0\u00bbno\u00a0\u00bb item_padding=\u00a0\u00bb18% 15px 0 0px\u00a0\u00bb item_padding_600_768=\u00a0\u00bb0% 15px 70px 15px\u00a0\u00bb item_padding_480_600=\u00a0\u00bb0% 15px 50px 15px\u00a0\u00bb item_padding_480=\u00a0\u00bb0% 15px 50px 15px\u00a0\u00bb][vc_row_inner row_type=\u00a0\u00bbrow\u00a0\u00bb type=\u00a0\u00bbfull_width\u00a0\u00bb text_align=\u00a0\u00bbcenter\u00a0\u00bb row_negative_margin=\u00a0\u00bbdisable_negative_margin\u00a0\u00bb&#8230;<\/p>\n","protected":false},"author":1,"featured_media":0,"parent":0,"menu_order":0,"comment_status":"closed","ping_status":"closed","template":"full_width.php","meta":{"footnotes":""},"_links":{"self":[{"href":"https:\/\/stage.xpertyse.com\/fr\/wp-json\/wp\/v2\/pages\/565"}],"collection":[{"href":"https:\/\/stage.xpertyse.com\/fr\/wp-json\/wp\/v2\/pages"}],"about":[{"href":"https:\/\/stage.xpertyse.com\/fr\/wp-json\/wp\/v2\/types\/page"}],"author":[{"embeddable":true,"href":"https:\/\/stage.xpertyse.com\/fr\/wp-json\/wp\/v2\/users\/1"}],"replies":[{"embeddable":true,"href":"https:\/\/stage.xpertyse.com\/fr\/wp-json\/wp\/v2\/comments?post=565"}],"version-history":[{"count":39,"href":"https:\/\/stage.xpertyse.com\/fr\/wp-json\/wp\/v2\/pages\/565\/revisions"}],"predecessor-version":[{"id":836,"href":"https:\/\/stage.xpertyse.com\/fr\/wp-json\/wp\/v2\/pages\/565\/revisions\/836"}],"wp:attachment":[{"href":"https:\/\/stage.xpertyse.com\/fr\/wp-json\/wp\/v2\/media?parent=565"}],"curies":[{"name":"wp","href":"https:\/\/api.w.org\/{rel}","templated":true}]}}